{"id":9505,"date":"2024-06-12T12:23:47","date_gmt":"2024-06-12T09:23:47","guid":{"rendered":"https:\/\/duris.ee\/?page_id=9505"},"modified":"2026-03-23T13:32:50","modified_gmt":"2026-03-23T11:32:50","slug":"meist","status":"publish","type":"page","link":"https:\/\/duris.ee\/en\/meist\/","title":{"rendered":"New"},"content":{"rendered":"\t\t<div data-elementor-type=\"wp-page\" data-elementor-id=\"9505\" class=\"elementor elementor-9505 elementor-9504\" data-elementor-post-type=\"page\">\n\t\t\t\t<div class=\"elementor-element elementor-element-bd00662 e-flex e-con-boxed e-con e-parent\" data-id=\"bd00662\" data-element_type=\"container\" data-e-type=\"container\">\n\t\t\t\t\t<div class=\"e-con-inner\">\n\t\t<div class=\"elementor-element elementor-element-7869246 e-con-full e-flex e-con e-child\" data-id=\"7869246\" data-element_type=\"container\" data-e-type=\"container\">\n\t\t\t\t<div class=\"elementor-element elementor-element-9f447c8 elementor-widget elementor-widget-heading\" data-id=\"9f447c8\" data-element_type=\"widget\" data-e-type=\"widget\" data-widget_type=\"heading.default\">\n\t\t\t\t<div class=\"elementor-widget-container\">\n\t\t\t\t\t<p class=\"elementor-heading-title elementor-size-default\"><a href=\"https:\/\/duris.ee\/kategooriad\">NEW COLLECTION<\/a><\/p>\t\t\t\t<\/div>\n\t\t\t\t<\/div>\n\t\t\t\t<div class=\"elementor-element elementor-element-fc8e85b elementor-widget elementor-widget-heading\" data-id=\"fc8e85b\" data-element_type=\"widget\" data-e-type=\"widget\" data-widget_type=\"heading.default\">\n\t\t\t\t<div class=\"elementor-widget-container\">\n\t\t\t\t\t<p class=\"elementor-heading-title elementor-size-default\"><a href=\"https:\/\/duris.ee\/en\/upgrade\/\">Upgrade Bio-InfraRed\n<\/a><\/p>\t\t\t\t<\/div>\n\t\t\t\t<\/div>\n\t\t\t\t<div class=\"elementor-element elementor-element-4fb2512 elementor-widget elementor-widget-heading\" data-id=\"4fb2512\" data-element_type=\"widget\" data-e-type=\"widget\" data-widget_type=\"heading.default\">\n\t\t\t\t<div class=\"elementor-widget-container\">\n\t\t\t\t\t<p class=\"elementor-heading-title elementor-size-default\"><a href=\"https:\/\/duris.ee\/kategooriad\"><span style=\"color:red;font-weight:bold\">Works internally<\/span> | <span style=\"color:black;font-weight:bold\">Protects externally <\/span><br>Beauty technique that uses bio-infusion technology to heat-style hair.<\/a><\/p>\t\t\t\t<\/div>\n\t\t\t\t<\/div>\n\t\t\t\t<\/div>\n\t\t\t\t<div class=\"bapf_products_apply_filters elementor-element elementor-element-71de703 elementor-grid-mobile-1 elementor-grid-4 elementor-grid-tablet-3 elementor-products-grid elementor-wc-products elementor-widget elementor-widget-woocommerce-products\" data-id=\"71de703\" data-element_type=\"widget\" data-e-type=\"widget\" data-widget_type=\"woocommerce-products.default\">\n\t\t\t\t<div class=\"elementor-widget-container\">\n\t\t\t\t\t<div class=\"woocommerce columns-4 \"><div class=\"woocommerce-notices-wrapper\"><\/div><ul class=\"products elementor-grid columns-4\">\n<li class=\"product type-product post-40909 status-publish first instock product_cat-hairdressing-accessories product_cat-upgrade has-post-thumbnail taxable shipping-taxable purchasable product-type-simple\">\n\t<a href=\"https:\/\/duris.ee\/en\/toode\/upgrade-infracurl-professional-bio-infrared-curling-tongs-o-25mm\/\" class=\"woocommerce-LoopProduct-link woocommerce-loop-product__link\"><img fetchpriority=\"high\" decoding=\"async\" width=\"300\" height=\"300\" src=\"https:\/\/duris.ee\/wp-content\/uploads\/2025\/06\/ug110e-upgrade-infra-curl-01-300x300.jpg\" class=\"attachment-woocommerce_thumbnail size-woocommerce_thumbnail\" alt=\"ug110e-upgrade-infra-curl-01\" srcset=\"https:\/\/duris.ee\/wp-content\/uploads\/2025\/06\/ug110e-upgrade-infra-curl-01-300x300.jpg 300w, https:\/\/duris.ee\/wp-content\/uploads\/2025\/06\/ug110e-upgrade-infra-curl-01-768x768.jpg 768w, https:\/\/duris.ee\/wp-content\/uploads\/2025\/06\/ug110e-upgrade-infra-curl-01-600x600.jpg 600w, https:\/\/duris.ee\/wp-content\/uploads\/2025\/06\/ug110e-upgrade-infra-curl-01-100x100.jpg 100w, https:\/\/duris.ee\/wp-content\/uploads\/2025\/06\/ug110e-upgrade-infra-curl-01.jpg 1000w\" sizes=\"(max-width: 300px) 100vw, 300px\" title=\"\"><h2 class=\"woocommerce-loop-product__title\">Upgrade Bio Infrared &#8211; Infrared curling irons \u00d8 25mm<\/h2>\n\t<span class=\"price\"><span class=\"woocommerce-Price-amount amount\"><bdi>235<sup>,48<\/sup>&nbsp;<span class=\"woocommerce-Price-currencySymbol\">&euro;<\/span><\/bdi><\/span><\/span>\n<\/a><p class=\"stock in-stock\">Only 1 left in stock<\/p>\n\n\t\n\t<form class=\"cart\" action=\"https:\/\/duris.ee\/en\/toode\/upgrade-infracurl-professional-bio-infrared-curling-tongs-o-25mm\/\" method=\"post\" enctype='multipart\/form-data'>\n\t\t\n\t\t<div class=\"quantity\">\n\t\t<label class=\"screen-reader-text\" for=\"quantity_6a07142842dee\">Upgrade Bio Infrared - Infrared curling irons \u00d8 25mm quantity<\/label>\n\t<input\n\t\ttype=\"hidden\"\n\t\t\t\tid=\"quantity_6a07142842dee\"\n\t\tclass=\"input-text qty text\"\n\t\tname=\"quantity\"\n\t\tvalue=\"1\"\n\t\taria-label=\"Product quantity\"\n\t\t\t\tmin=\"1\"\n\t\t\t\t\tmax=\"1\"\n\t\t\t\t\t\t\tstep=\"1\"\n\t\t\tplaceholder=\"\"\n\t\t\tinputmode=\"numeric\"\n\t\t\tautocomplete=\"off\"\n\t\t\t\/>\n\t<\/div>\n\n\t\t<button type=\"submit\" name=\"add-to-cart\" value=\"40909\" class=\"single_add_to_cart_button button alt\">Add to cart<\/button>\n\n\t\t\t<\/form>\n\n\t\n<\/li>\n<li class=\"product type-product post-40905 status-publish instock product_cat-hairdressing-accessories product_cat-upgrade has-post-thumbnail taxable shipping-taxable purchasable product-type-simple\">\n\t<a href=\"https:\/\/duris.ee\/en\/toode\/upgrade-infracurl-professional-bio-infrared-curling-tongs-o-32mm\/\" class=\"woocommerce-LoopProduct-link woocommerce-loop-product__link\"><img decoding=\"async\" width=\"300\" height=\"300\" src=\"https:\/\/duris.ee\/wp-content\/uploads\/2025\/06\/ug111-upgrade-infra-curl-01-300x300.jpg\" class=\"attachment-woocommerce_thumbnail size-woocommerce_thumbnail\" alt=\"ug111-upgrade-infra-curl-01\" srcset=\"https:\/\/duris.ee\/wp-content\/uploads\/2025\/06\/ug111-upgrade-infra-curl-01-300x300.jpg 300w, https:\/\/duris.ee\/wp-content\/uploads\/2025\/06\/ug111-upgrade-infra-curl-01-768x768.jpg 768w, https:\/\/duris.ee\/wp-content\/uploads\/2025\/06\/ug111-upgrade-infra-curl-01-600x600.jpg 600w, https:\/\/duris.ee\/wp-content\/uploads\/2025\/06\/ug111-upgrade-infra-curl-01-100x100.jpg 100w, https:\/\/duris.ee\/wp-content\/uploads\/2025\/06\/ug111-upgrade-infra-curl-01.jpg 1000w\" sizes=\"(max-width: 300px) 100vw, 300px\" title=\"\"><h2 class=\"woocommerce-loop-product__title\">Upgrade Bio Infrared &#8211; Infrared curling irons \u00d8 32mm<\/h2>\n\t<span class=\"price\"><span class=\"woocommerce-Price-amount amount\"><bdi>235<sup>,48<\/sup>&nbsp;<span class=\"woocommerce-Price-currencySymbol\">&euro;<\/span><\/bdi><\/span><\/span>\n<\/a>\n\t\n\t<form class=\"cart\" action=\"https:\/\/duris.ee\/en\/toode\/upgrade-infracurl-professional-bio-infrared-curling-tongs-o-32mm\/\" method=\"post\" enctype='multipart\/form-data'>\n\t\t\n\t\t<div class=\"quantity\">\n\t\t<label class=\"screen-reader-text\" for=\"quantity_6a07142846228\">Upgrade Bio Infrared - Infrared curling irons \u00d8 32mm quantity<\/label>\n\t<input\n\t\ttype=\"number\"\n\t\t\t\tid=\"quantity_6a07142846228\"\n\t\tclass=\"input-text qty text\"\n\t\tname=\"quantity\"\n\t\tvalue=\"1\"\n\t\taria-label=\"Product quantity\"\n\t\t\t\tmin=\"1\"\n\t\t\t\t\tmax=\"2\"\n\t\t\t\t\t\t\tstep=\"1\"\n\t\t\tplaceholder=\"\"\n\t\t\tinputmode=\"numeric\"\n\t\t\tautocomplete=\"off\"\n\t\t\t\/>\n\t<\/div>\n\n\t\t<button type=\"submit\" name=\"add-to-cart\" value=\"40905\" class=\"single_add_to_cart_button button alt\">Add to cart<\/button>\n\n\t\t\t<\/form>\n\n\t\n<\/li>\n<li class=\"product type-product post-40966 status-publish instock product_cat-hairdressing-accessories product_cat-upgrade has-post-thumbnail taxable shipping-taxable purchasable product-type-simple\">\n\t<a href=\"https:\/\/duris.ee\/en\/toode\/upgrade-bio-infrared-thermal-brush-infrared-brush-special-edition\/\" class=\"woocommerce-LoopProduct-link woocommerce-loop-product__link\"><img decoding=\"async\" width=\"300\" height=\"300\" src=\"https:\/\/duris.ee\/wp-content\/uploads\/2025\/09\/UG121-BRUSH-Gift-Edition1-300x300.jpg\" class=\"attachment-woocommerce_thumbnail size-woocommerce_thumbnail\" alt=\"UG121-BRUSH-Poison-Edition1\" srcset=\"https:\/\/duris.ee\/wp-content\/uploads\/2025\/09\/UG121-BRUSH-Gift-Edition1-300x300.jpg 300w, https:\/\/duris.ee\/wp-content\/uploads\/2025\/09\/UG121-BRUSH-Gift-Edition1-768x768.jpg 768w, https:\/\/duris.ee\/wp-content\/uploads\/2025\/09\/UG121-BRUSH-Gift-Edition1-600x600.jpg 600w, https:\/\/duris.ee\/wp-content\/uploads\/2025\/09\/UG121-BRUSH-Gift-Edition1-100x100.jpg 100w, https:\/\/duris.ee\/wp-content\/uploads\/2025\/09\/UG121-BRUSH-Gift-Edition1.jpg 1000w\" sizes=\"(max-width: 300px) 100vw, 300px\" title=\"\"><h2 class=\"woocommerce-loop-product__title\">Upgrade Bio Infrared Thermal Brush &#8211; Infrared brush special edition<\/h2>\n\t<span class=\"price\"><span class=\"woocommerce-Price-amount amount\"><bdi>111<sup>,70<\/sup>&nbsp;<span class=\"woocommerce-Price-currencySymbol\">&euro;<\/span><\/bdi><\/span><\/span>\n<\/a>\n\t\n\t<form class=\"cart\" action=\"https:\/\/duris.ee\/en\/toode\/upgrade-bio-infrared-thermal-brush-infrared-brush-special-edition\/\" method=\"post\" enctype='multipart\/form-data'>\n\t\t\n\t\t<div class=\"quantity\">\n\t\t<label class=\"screen-reader-text\" for=\"quantity_6a07142849413\">Upgrade Bio Infrared Thermal Brush - Infrared brush special edition quantity<\/label>\n\t<input\n\t\ttype=\"number\"\n\t\t\t\tid=\"quantity_6a07142849413\"\n\t\tclass=\"input-text qty text\"\n\t\tname=\"quantity\"\n\t\tvalue=\"1\"\n\t\taria-label=\"Product quantity\"\n\t\t\t\tmin=\"1\"\n\t\t\t\t\tmax=\"4\"\n\t\t\t\t\t\t\tstep=\"1\"\n\t\t\tplaceholder=\"\"\n\t\t\tinputmode=\"numeric\"\n\t\t\tautocomplete=\"off\"\n\t\t\t\/>\n\t<\/div>\n\n\t\t<button type=\"submit\" name=\"add-to-cart\" value=\"40966\" class=\"single_add_to_cart_button button alt\">Add to cart<\/button>\n\n\t\t\t<\/form>\n\n\t\n<\/li>\n<li class=\"product type-product post-41652 status-publish last outofstock product_cat-hairdressing-accessories product_cat-upgrade has-post-thumbnail taxable shipping-taxable purchasable product-type-simple\">\n\t<a href=\"https:\/\/duris.ee\/en\/toode\/upgrade-b-ir-hyper-sense-infrared-hair-dryer\/\" class=\"woocommerce-LoopProduct-link woocommerce-loop-product__link\"><img loading=\"lazy\" decoding=\"async\" width=\"300\" height=\"300\" src=\"https:\/\/duris.ee\/wp-content\/uploads\/2025\/06\/ug127-asciugacapelli-bioinfrared-ad-alta-velocita-Upgrade-01-300x300.jpg\" class=\"attachment-woocommerce_thumbnail size-woocommerce_thumbnail\" alt=\"ug127-asciugacapelli-bioinfrared-ad-alta-velocita-Upgrade-01\" srcset=\"https:\/\/duris.ee\/wp-content\/uploads\/2025\/06\/ug127-asciugacapelli-bioinfrared-ad-alta-velocita-Upgrade-01-300x300.jpg 300w, https:\/\/duris.ee\/wp-content\/uploads\/2025\/06\/ug127-asciugacapelli-bioinfrared-ad-alta-velocita-Upgrade-01-768x768.jpg 768w, https:\/\/duris.ee\/wp-content\/uploads\/2025\/06\/ug127-asciugacapelli-bioinfrared-ad-alta-velocita-Upgrade-01-600x600.jpg 600w, https:\/\/duris.ee\/wp-content\/uploads\/2025\/06\/ug127-asciugacapelli-bioinfrared-ad-alta-velocita-Upgrade-01-100x100.jpg 100w, https:\/\/duris.ee\/wp-content\/uploads\/2025\/06\/ug127-asciugacapelli-bioinfrared-ad-alta-velocita-Upgrade-01.jpg 1000w\" sizes=\"(max-width: 300px) 100vw, 300px\" title=\"\"><div class=\"custom-stock-badge out-of-stock\">Out of stock<\/div><span class=\"soldout\">V\u00e4lja m\u00fc\u00fcdud<\/span><h2 class=\"woocommerce-loop-product__title\">Upgrade Bio Infrared Hyper Sense infrared hair dryer<\/h2>\n<a class=\"tooteinfo\" href=\"mailto:kaspar@duris.ee?subject=P%C3%A4ring%20toote%20kohta%3A%20Upgrade%20Bio%20Infrared%20Hyper%20Sense%20infrared%20hair%20dryer&#038;body=Tere%2C%0A%0ASoovin%20k%C3%BCsida%20lisainfot%20toote%20kohta%3A%20Upgrade%20Bio%20Infrared%20Hyper%20Sense%20infrared%20hair%20dryer%0A%0AMillal%20on%20see%20toode%20taas%20saadaval%3F%0A%0AAit%C3%A4h%21\">K\u00fcsi toote kohta<\/a><\/a><\/li>\n<\/ul>\n<\/div>\t\t\t\t<\/div>\n\t\t\t\t<\/div>\n\t\t\t\t\t<\/div>\n\t\t\t\t<\/div>\n\t\t\t\t<\/div>\n\t\t","protected":false},"excerpt":{"rendered":"<p>NEW COLLECTION Upgrade Bio-InfraRed Works internally | Protects externally Beauty technique that uses bio-infusion technology to heat-style hair.<\/p>\n","protected":false},"author":1,"featured_media":0,"parent":0,"menu_order":2,"comment_status":"closed","ping_status":"closed","template":"","meta":{"_acf_changed":false,"footnotes":""},"class_list":["post-9505","page","type-page","status-publish","hentry"],"acf":[],"_links":{"self":[{"href":"https:\/\/duris.ee\/en\/wp-json\/wp\/v2\/pages\/9505","targetHints":{"allow":["GET"]}}],"collection":[{"href":"https:\/\/duris.ee\/en\/wp-json\/wp\/v2\/pages"}],"about":[{"href":"https:\/\/duris.ee\/en\/wp-json\/wp\/v2\/types\/page"}],"author":[{"embeddable":true,"href":"https:\/\/duris.ee\/en\/wp-json\/wp\/v2\/users\/1"}],"replies":[{"embeddable":true,"href":"https:\/\/duris.ee\/en\/wp-json\/wp\/v2\/comments?post=9505"}],"version-history":[{"count":21,"href":"https:\/\/duris.ee\/en\/wp-json\/wp\/v2\/pages\/9505\/revisions"}],"predecessor-version":[{"id":41965,"href":"https:\/\/duris.ee\/en\/wp-json\/wp\/v2\/pages\/9505\/revisions\/41965"}],"wp:attachment":[{"href":"https:\/\/duris.ee\/en\/wp-json\/wp\/v2\/media?parent=9505"}],"curies":[{"name":"wp","href":"https:\/\/api.w.org\/{rel}","templated":true}]}}